{"id":28873,"date":"2020-10-14T14:47:37","date_gmt":"2020-10-14T12:47:37","guid":{"rendered":"https:\/\/naturtcm.ch\/?page_id=28873"},"modified":"2022-10-25T16:02:23","modified_gmt":"2022-10-25T14:02:23","slug":"datenschutz","status":"publish","type":"page","link":"https:\/\/naturtcm.ch\/en\/datenschutz\/","title":{"rendered":"Privacy Policy"},"content":{"rendered":"<div data-elementor-type=\"wp-page\" data-elementor-id=\"28873\" class=\"elementor elementor-28873\" data-elementor-post-type=\"page\">\n\t\t\t\t\t\t<section class=\"elementor-section elementor-top-section elementor-element elementor-element-61443cc elementor-section-boxed elementor-section-height-default elementor-section-height-default\" data-id=\"61443cc\" data-element_type=\"section\" data-settings=\"{&quot;background_background&quot;:&quot;classic&quot;,&quot;_ha_eqh_enable&quot;:false}\">\n\t\t\t\t\t\t<div class=\"elementor-container elementor-column-gap-default\">\n\t\t\t\t\t<div class=\"elementor-column elementor-col-100 elementor-top-column elementor-element elementor-element-cb38ee0\" data-id=\"cb38ee0\" data-element_type=\"column\">\n\t\t\t<div class=\"elementor-widget-wrap elementor-element-populated\">\n\t\t\t\t\t\t<div class=\"elementor-element elementor-element-5978e5e elementor-widget elementor-widget-heading\" data-id=\"5978e5e\" data-element_type=\"widget\" data-widget_type=\"heading.default\">\n\t\t\t\t<div class=\"elementor-widget-container\">\n\t\t\t<h1 class=\"elementor-heading-title elementor-size-default\">Privacy Policy<\/h1>\t\t<\/div>\n\t\t\t\t<\/div>\n\t\t\t\t<div class=\"elementor-element elementor-element-07fba52 elementor-widget elementor-widget-heading\" data-id=\"07fba52\" data-element_type=\"widget\" data-widget_type=\"heading.default\">\n\t\t\t\t<div class=\"elementor-widget-container\">\n\t\t\t<h3 class=\"elementor-heading-title elementor-size-default\">General information<\/h3>\t\t<\/div>\n\t\t\t\t<\/div>\n\t\t\t\t<div class=\"elementor-element elementor-element-83d23db elementor-widget elementor-widget-text-editor\" data-id=\"83d23db\" data-element_type=\"widget\" data-widget_type=\"text-editor.default\">\n\t\t\t\t<div class=\"elementor-widget-container\">\n\t\t\t\t\t\t\t<p>The protection of your data is very important to us. We therefore treat your data, which you voluntarily send us via our contact form, confidentially. Your data will only be used for the purpose of your request and will not be passed on to third parties. If you request information, blocking or deletion of your data from us, we will comply with it, if permitted by law.<\/p>\t\t\t\t\t\t<\/div>\n\t\t\t\t<\/div>\n\t\t\t\t<div class=\"elementor-element elementor-element-ccbba03 elementor-widget elementor-widget-heading\" data-id=\"ccbba03\" data-element_type=\"widget\" data-widget_type=\"heading.default\">\n\t\t\t\t<div class=\"elementor-widget-container\">\n\t\t\t<h3 class=\"elementor-heading-title elementor-size-default\">Cookies<\/h3>\t\t<\/div>\n\t\t\t\t<\/div>\n\t\t\t\t<div class=\"elementor-element elementor-element-cb85ba0 elementor-widget elementor-widget-text-editor\" data-id=\"cb85ba0\" data-element_type=\"widget\" data-widget_type=\"text-editor.default\">\n\t\t\t\t<div class=\"elementor-widget-container\">\n\t\t\t\t\t\t\t<p>Our site uses so-called cookies. Cookies are small files that are stored on your data carrier and make your visit to our site more efficient. Cookies are not harmful to your data carrier.<\/p><p>Most cookies, so-called session cookies, are automatically deleted at the end of your visit to our site. The point of this is that you do not have to repeat the same entries. Other cookies are not automatically deleted, but you can delete them yourself. The reason for this is that we will recognize you again the next time you visit our website. Of course, you can also deactivate cookies in general.<\/p>\t\t\t\t\t\t<\/div>\n\t\t\t\t<\/div>\n\t\t\t\t<div class=\"elementor-element elementor-element-587ae9e elementor-widget elementor-widget-heading\" data-id=\"587ae9e\" data-element_type=\"widget\" data-widget_type=\"heading.default\">\n\t\t\t\t<div class=\"elementor-widget-container\">\n\t\t\t<h3 class=\"elementor-heading-title elementor-size-default\">Google Analytics<\/h3>\t\t<\/div>\n\t\t\t\t<\/div>\n\t\t\t\t<div class=\"elementor-element elementor-element-7f8e80c elementor-widget elementor-widget-text-editor\" data-id=\"7f8e80c\" data-element_type=\"widget\" data-widget_type=\"text-editor.default\">\n\t\t\t\t<div class=\"elementor-widget-container\">\n\t\t\t\t\t\t\t<p>Our website uses \u00abGoogle Analytics\u00bb, a service offered by Google Inc. to analyze website usage. Cookies are used to send, evaluate and save information from your device to a Google server in the USA. It is possible that Google will share this information with third parties\n\u00fcbertr\u00e4gt.<\/p><p>Sollten Sie mehr Informationen bez\u00fcglich der Datenerhebung durch Google Analytics w\u00fcnschen, k\u00f6nnen Sie gerne diesem Link folgen:<br \/><span style=\"color: #7a7a7a;\"><strong><a style=\"color: #7a7a7a;\" href=\"https:\/\/support.google.com\/analytics\/answer\/6004245?hl=de\" target=\"_blank\" rel=\"noopener\">Click here<\/a><\/strong><\/span><\/p><p>Indem Sie folgendes Plugin installieren, k\u00f6nne Sie das Erfassen und Speichern Ihrer Daten durch Cookies und das Senden dieser Daten an Google verhindern:<br \/><span style=\"color: #7a7a7a;\"><strong><a style=\"color: #7a7a7a;\" href=\"https:\/\/tools.google.com\/dlpage\/gaoptout?hl=de.\" target=\"_blank\" rel=\"noopener\">Click here<\/a><\/strong><\/span><\/p>\t\t\t\t\t\t<\/div>\n\t\t\t\t<\/div>\n\t\t\t\t<div class=\"elementor-element elementor-element-a03ae70 elementor-widget elementor-widget-heading\" data-id=\"a03ae70\" data-element_type=\"widget\" data-widget_type=\"heading.default\">\n\t\t\t\t<div class=\"elementor-widget-container\">\n\t\t\t<h3 class=\"elementor-heading-title elementor-size-default\">Facebook pixel<\/h3>\t\t<\/div>\n\t\t\t\t<\/div>\n\t\t\t\t<div class=\"elementor-element elementor-element-52bba0f elementor-widget elementor-widget-text-editor\" data-id=\"52bba0f\" data-element_type=\"widget\" data-widget_type=\"text-editor.default\">\n\t\t\t\t<div class=\"elementor-widget-container\">\n\t\t\t\t\t\t\t<p>This website uses \u201cFacebook Pixel\u201d, a code that was issued by the social media platform \u201cFacebook\u201d (company Facebook Ireland Ltd., 4 Grand Canal Square, Grand Canal Harbor, Dublin 2 Ireland) for the purpose of more efficient design of advertising campaigns.<\/p><p>The code implemented on this website uses cookies to evaluate the behavior of visitors to our website who landed here via Facebook advertising. The data collected is stored by Facebook, but we cannot see it and can only be used as part of the advertising on Facebook itself.<\/p><p>Learn how Facebook Pixel is used for advertising campaigns:<br \/><span style=\"color: #7a7a7a;\"><strong><a style=\"color: #7a7a7a;\" href=\"https:\/\/www.facebook.com\/business\/learn\/facebook-ads-pixel\" target=\"_blank\" rel=\"noopener\">Click here<\/a><\/strong><\/span><\/p><p>Change your Facebook ad settings (if you have an account on Facebook and are logged in):<br \/><span style=\"color: #7a7a7a;\"><strong><a style=\"color: #7a7a7a;\" href=\"https:\/\/www.facebook.com\/login.php?next=https%3A%2F%2Fwww.facebook.com%2Fads%2Fpreferences%2F%3Fentry_product%3Dad_settings_screen\" target=\"_blank\" rel=\"noopener\">Click here<\/a><\/strong><\/span><\/p><p>More information on Facebook's data policy:<br \/><span style=\"color: #7a7a7a;\"><strong><a style=\"color: #7a7a7a;\" href=\"https:\/\/www.facebook.com\/policy.php\" target=\"_blank\" rel=\"noopener\">Click here<\/a><\/strong><\/span><\/p>\t\t\t\t\t\t<\/div>\n\t\t\t\t<\/div>\n\t\t\t\t<div class=\"elementor-element elementor-element-c1df73a elementor-widget elementor-widget-heading\" data-id=\"c1df73a\" data-element_type=\"widget\" data-widget_type=\"heading.default\">\n\t\t\t\t<div class=\"elementor-widget-container\">\n\t\t\t<h3 class=\"elementor-heading-title elementor-size-default\">Google Maps<\/h3>\t\t<\/div>\n\t\t\t\t<\/div>\n\t\t\t\t<div class=\"elementor-element elementor-element-ae877b4 elementor-widget elementor-widget-text-editor\" data-id=\"ae877b4\" data-element_type=\"widget\" data-widget_type=\"text-editor.default\">\n\t\t\t\t<div class=\"elementor-widget-container\">\n\t\t\t\t\t\t\t<p>We use \"Google Maps\" from \"Google Inc\" on our website.<\/p><p>If you use our website, you agree to the collection, processing and use of the automatically collected data by Google Inc., its representatives, and third parties.<\/p><p>You can find the Google Maps terms of use here:<br \/><span style=\"color: #7a7a7a;\"><strong><a style=\"color: #7a7a7a;\" href=\"https:\/\/www.google.com\/intl\/de_de\/help\/terms_maps\/\" target=\"_blank\" rel=\"noopener\">Click here<\/a><\/strong><\/span><\/p>\t\t\t\t\t\t<\/div>\n\t\t\t\t<\/div>\n\t\t\t\t<div class=\"elementor-element elementor-element-f8fafab elementor-widget elementor-widget-heading\" data-id=\"f8fafab\" data-element_type=\"widget\" data-widget_type=\"heading.default\">\n\t\t\t\t<div class=\"elementor-widget-container\">\n\t\t\t<h3 class=\"elementor-heading-title elementor-size-default\">Server Log Files<\/h3>\t\t<\/div>\n\t\t\t\t<\/div>\n\t\t\t\t<div class=\"elementor-element elementor-element-a3332e6 elementor-widget elementor-widget-text-editor\" data-id=\"a3332e6\" data-element_type=\"widget\" data-widget_type=\"text-editor.default\">\n\t\t\t\t<div class=\"elementor-widget-container\">\n\t\t\t\t\t\t\t<p>Your browser automatically transmits information of a general nature (server log files) to us. Examples of such information would be:<\/p><ul><li>Browser type and Version<\/li><li>Referrer URL<\/li><li>Operating system<\/li><li>Time of request\u00a0<\/li><li>IP-Address<\/li><\/ul><p>We do not use your data to draw conclusions about you. Rather, the purpose of the server log files is to optimize our website.<\/p>\t\t\t\t\t\t<\/div>\n\t\t\t\t<\/div>\n\t\t\t\t<div class=\"elementor-element elementor-element-1bbaf1d elementor-widget elementor-widget-heading\" data-id=\"1bbaf1d\" data-element_type=\"widget\" data-widget_type=\"heading.default\">\n\t\t\t\t<div class=\"elementor-widget-container\">\n\t\t\t<h3 class=\"elementor-heading-title elementor-size-default\">Contact us<\/h3>\t\t<\/div>\n\t\t\t\t<\/div>\n\t\t\t\t<div class=\"elementor-element elementor-element-e9c6fa0 elementor-widget elementor-widget-text-editor\" data-id=\"e9c6fa0\" data-element_type=\"widget\" data-widget_type=\"text-editor.default\">\n\t\t\t\t<div class=\"elementor-widget-container\">\n\t\t\t\t\t\t\t<p>If you have any questions or would like information, blocking or deletion of your data, you can contact the person mentioned<br \/>in the imprint.<\/p>\t\t\t\t\t\t<\/div>\n\t\t\t\t<\/div>\n\t\t\t\t\t<\/div>\n\t\t<\/div>\n\t\t\t\t\t<\/div>\n\t\t<\/section>\n\t\t\t\t<\/div>","protected":false},"excerpt":{"rendered":"<p>Datenschutz Allgemeine Informationen Uns ist der Schutz Ihrer Daten ein grosses Anliegen. Daher behandeln wir Ihre&nbsp;Daten, welche Sie uns freiwillig \u00fcber unser Kontaktformular senden, vertraulich.&nbsp;Ihre Daten werden nur im Sinne Ihrer Anfrage genutzt und nicht an Dritte&nbsp;weitergegeben. Sollten Sie Auskunft, Sperrung oder L\u00f6schung \u00fcber Ihre Daten&nbsp;bei uns verlangen, werden wir dem, falls gesetzlich erlaubt, nachkommen. [&hellip;]<\/p>","protected":false},"author":3,"featured_media":33518,"parent":0,"menu_order":10,"comment_status":"closed","ping_status":"closed","template":"elementor_header_footer","meta":{"footnotes":""},"yoast_head":"<!-- This site is optimized with the Yoast SEO plugin v23.0 - https:\/\/yoast.com\/wordpress\/plugins\/seo\/ -->\n<title>Datenschutz - China Natur TCM<\/title>\n<meta name=\"description\" content=\"Uns ist der Schutz Ihrer Daten ein grosses Anliegen. Daher behandeln wir Ihre Daten, welche Sie uns freiwillig \u00fcber unser Kontaktformular...\" \/>\n<meta name=\"robots\" content=\"index, follow, max-snippet:-1, max-image-preview:large, max-video-preview:-1\" \/>\n<link rel=\"canonical\" href=\"https:\/\/naturtcm.ch\/en\/datenschutz\/\" \/>\n<meta property=\"og:locale\" content=\"en_GB\" \/>\n<meta property=\"og:type\" content=\"article\" \/>\n<meta property=\"og:title\" content=\"Datenschutz - China Natur TCM\" \/>\n<meta property=\"og:description\" content=\"Uns ist der Schutz Ihrer Daten ein grosses Anliegen. Daher behandeln wir Ihre Daten, welche Sie uns freiwillig \u00fcber unser Kontaktformular...\" \/>\n<meta property=\"og:url\" content=\"https:\/\/naturtcm.ch\/en\/datenschutz\/\" \/>\n<meta property=\"og:site_name\" content=\"China Natur TCM\" \/>\n<meta property=\"article:modified_time\" content=\"2022-10-25T14:02:23+00:00\" \/>\n<meta property=\"og:image\" content=\"https:\/\/naturtcm.ch\/wp-content\/uploads\/2022\/08\/Logo_China_Natur_TCM_1024x1024.png\" \/>\n\t<meta property=\"og:image:width\" content=\"1024\" \/>\n\t<meta property=\"og:image:height\" content=\"1024\" \/>\n\t<meta property=\"og:image:type\" content=\"image\/png\" \/>\n<meta name=\"twitter:card\" content=\"summary_large_image\" \/>\n<meta name=\"twitter:label1\" content=\"Estimated reading time\" \/>\n\t<meta name=\"twitter:data1\" content=\"3 minutes\" \/>\n<script type=\"application\/ld+json\" class=\"yoast-schema-graph\">{\"@context\":\"https:\/\/schema.org\",\"@graph\":[{\"@type\":\"WebPage\",\"@id\":\"https:\/\/naturtcm.ch\/datenschutz\/\",\"url\":\"https:\/\/naturtcm.ch\/datenschutz\/\",\"name\":\"Datenschutz - China Natur TCM\",\"isPartOf\":{\"@id\":\"https:\/\/naturtcm.ch\/#website\"},\"primaryImageOfPage\":{\"@id\":\"https:\/\/naturtcm.ch\/datenschutz\/#primaryimage\"},\"image\":{\"@id\":\"https:\/\/naturtcm.ch\/datenschutz\/#primaryimage\"},\"thumbnailUrl\":\"https:\/\/naturtcm.ch\/wp-content\/uploads\/2022\/08\/Logo_China_Natur_TCM_1024x1024.png\",\"datePublished\":\"2020-10-14T12:47:37+00:00\",\"dateModified\":\"2022-10-25T14:02:23+00:00\",\"description\":\"Uns ist der Schutz Ihrer Daten ein grosses Anliegen. Daher behandeln wir Ihre Daten, welche Sie uns freiwillig \u00fcber unser Kontaktformular...\",\"breadcrumb\":{\"@id\":\"https:\/\/naturtcm.ch\/datenschutz\/#breadcrumb\"},\"inLanguage\":\"en-GB\",\"potentialAction\":[{\"@type\":\"ReadAction\",\"target\":[\"https:\/\/naturtcm.ch\/datenschutz\/\"]}]},{\"@type\":\"ImageObject\",\"inLanguage\":\"en-GB\",\"@id\":\"https:\/\/naturtcm.ch\/datenschutz\/#primaryimage\",\"url\":\"https:\/\/naturtcm.ch\/wp-content\/uploads\/2022\/08\/Logo_China_Natur_TCM_1024x1024.png\",\"contentUrl\":\"https:\/\/naturtcm.ch\/wp-content\/uploads\/2022\/08\/Logo_China_Natur_TCM_1024x1024.png\",\"width\":1024,\"height\":1024},{\"@type\":\"BreadcrumbList\",\"@id\":\"https:\/\/naturtcm.ch\/datenschutz\/#breadcrumb\",\"itemListElement\":[{\"@type\":\"ListItem\",\"position\":1,\"name\":\"Home\",\"item\":\"https:\/\/naturtcm.ch\/\"},{\"@type\":\"ListItem\",\"position\":2,\"name\":\"Datenschutz\"}]},{\"@type\":\"WebSite\",\"@id\":\"https:\/\/naturtcm.ch\/#website\",\"url\":\"https:\/\/naturtcm.ch\/\",\"name\":\"China Natur TCM\",\"description\":\"Home\",\"inLanguage\":\"en-GB\"}]}<\/script>\n<!-- \/ Yoast SEO plugin. -->","yoast_head_json":{"title":"Datenschutz - China Natur TCM","description":"Uns ist der Schutz Ihrer Daten ein grosses Anliegen. Daher behandeln wir Ihre Daten, welche Sie uns freiwillig \u00fcber unser Kontaktformular...","robots":{"index":"index","follow":"follow","max-snippet":"max-snippet:-1","max-image-preview":"max-image-preview:large","max-video-preview":"max-video-preview:-1"},"canonical":"https:\/\/naturtcm.ch\/en\/datenschutz\/","og_locale":"en_GB","og_type":"article","og_title":"Datenschutz - China Natur TCM","og_description":"Uns ist der Schutz Ihrer Daten ein grosses Anliegen. Daher behandeln wir Ihre Daten, welche Sie uns freiwillig \u00fcber unser Kontaktformular...","og_url":"https:\/\/naturtcm.ch\/en\/datenschutz\/","og_site_name":"China Natur TCM","article_modified_time":"2022-10-25T14:02:23+00:00","og_image":[{"width":1024,"height":1024,"url":"https:\/\/naturtcm.ch\/wp-content\/uploads\/2022\/08\/Logo_China_Natur_TCM_1024x1024.png","type":"image\/png"}],"twitter_card":"summary_large_image","twitter_misc":{"Estimated reading time":"3 minutes"},"schema":{"@context":"https:\/\/schema.org","@graph":[{"@type":"WebPage","@id":"https:\/\/naturtcm.ch\/datenschutz\/","url":"https:\/\/naturtcm.ch\/datenschutz\/","name":"Datenschutz - China Natur TCM","isPartOf":{"@id":"https:\/\/naturtcm.ch\/#website"},"primaryImageOfPage":{"@id":"https:\/\/naturtcm.ch\/datenschutz\/#primaryimage"},"image":{"@id":"https:\/\/naturtcm.ch\/datenschutz\/#primaryimage"},"thumbnailUrl":"https:\/\/naturtcm.ch\/wp-content\/uploads\/2022\/08\/Logo_China_Natur_TCM_1024x1024.png","datePublished":"2020-10-14T12:47:37+00:00","dateModified":"2022-10-25T14:02:23+00:00","description":"Uns ist der Schutz Ihrer Daten ein grosses Anliegen. Daher behandeln wir Ihre Daten, welche Sie uns freiwillig \u00fcber unser Kontaktformular...","breadcrumb":{"@id":"https:\/\/naturtcm.ch\/datenschutz\/#breadcrumb"},"inLanguage":"en-GB","potentialAction":[{"@type":"ReadAction","target":["https:\/\/naturtcm.ch\/datenschutz\/"]}]},{"@type":"ImageObject","inLanguage":"en-GB","@id":"https:\/\/naturtcm.ch\/datenschutz\/#primaryimage","url":"https:\/\/naturtcm.ch\/wp-content\/uploads\/2022\/08\/Logo_China_Natur_TCM_1024x1024.png","contentUrl":"https:\/\/naturtcm.ch\/wp-content\/uploads\/2022\/08\/Logo_China_Natur_TCM_1024x1024.png","width":1024,"height":1024},{"@type":"BreadcrumbList","@id":"https:\/\/naturtcm.ch\/datenschutz\/#breadcrumb","itemListElement":[{"@type":"ListItem","position":1,"name":"Home","item":"https:\/\/naturtcm.ch\/"},{"@type":"ListItem","position":2,"name":"Datenschutz"}]},{"@type":"WebSite","@id":"https:\/\/naturtcm.ch\/#website","url":"https:\/\/naturtcm.ch\/","name":"China Natur TCM","description":"Home","inLanguage":"en-GB"}]}},"_links":{"self":[{"href":"https:\/\/naturtcm.ch\/en\/wp-json\/wp\/v2\/pages\/28873"}],"collection":[{"href":"https:\/\/naturtcm.ch\/en\/wp-json\/wp\/v2\/pages"}],"about":[{"href":"https:\/\/naturtcm.ch\/en\/wp-json\/wp\/v2\/types\/page"}],"author":[{"embeddable":true,"href":"https:\/\/naturtcm.ch\/en\/wp-json\/wp\/v2\/users\/3"}],"replies":[{"embeddable":true,"href":"https:\/\/naturtcm.ch\/en\/wp-json\/wp\/v2\/comments?post=28873"}],"version-history":[{"count":40,"href":"https:\/\/naturtcm.ch\/en\/wp-json\/wp\/v2\/pages\/28873\/revisions"}],"predecessor-version":[{"id":35074,"href":"https:\/\/naturtcm.ch\/en\/wp-json\/wp\/v2\/pages\/28873\/revisions\/35074"}],"wp:featuredmedia":[{"embeddable":true,"href":"https:\/\/naturtcm.ch\/en\/wp-json\/wp\/v2\/media\/33518"}],"wp:attachment":[{"href":"https:\/\/naturtcm.ch\/en\/wp-json\/wp\/v2\/media?parent=28873"}],"curies":[{"name":"wp","href":"https:\/\/api.w.org\/{rel}","templated":true}]}}