{"id":28983,"date":"2022-06-13T08:03:00","date_gmt":"2022-06-13T06:03:00","guid":{"rendered":"https:\/\/naturtcm.ch\/?page_id=28983"},"modified":"2022-12-20T14:09:17","modified_gmt":"2022-12-20T13:09:17","slug":"was-ist-tcm","status":"publish","type":"page","link":"https:\/\/naturtcm.ch\/en\/was-ist-tcm\/","title":{"rendered":"What is TCM?"},"content":{"rendered":"<div data-elementor-type=\"wp-page\" data-elementor-id=\"28983\" class=\"elementor elementor-28983\" data-elementor-post-type=\"page\">\n\t\t\t\t\t\t<section class=\"elementor-section elementor-top-section elementor-element elementor-element-6bb4f7b elementor-section-height-min-height elementor-section-boxed elementor-section-height-default elementor-section-items-middle\" data-id=\"6bb4f7b\" data-element_type=\"section\" data-settings=\"{&quot;background_background&quot;:&quot;classic&quot;,&quot;_ha_eqh_enable&quot;:false}\">\n\t\t\t\t\t\t\t<div class=\"elementor-background-overlay\"><\/div>\n\t\t\t\t\t\t\t<div class=\"elementor-container elementor-column-gap-default\">\n\t\t\t\t\t<div class=\"elementor-column elementor-col-100 elementor-top-column elementor-element elementor-element-f88f2f8\" data-id=\"f88f2f8\" data-element_type=\"column\">\n\t\t\t<div class=\"elementor-widget-wrap elementor-element-populated\">\n\t\t\t\t\t\t<div class=\"elementor-element elementor-element-87f7942 elementor-widget elementor-widget-heading\" data-id=\"87f7942\" data-element_type=\"widget\" data-widget_type=\"heading.default\">\n\t\t\t\t<div class=\"elementor-widget-container\">\n\t\t\t<h2 class=\"elementor-heading-title elementor-size-default\">What is TCM?<\/h2>\t\t<\/div>\n\t\t\t\t<\/div>\n\t\t\t\t<div class=\"elementor-element elementor-element-34a9043 elementor-icon-list--layout-inline elementor-align-center elementor-list-item-link-full_width elementor-widget elementor-widget-icon-list\" data-id=\"34a9043\" data-element_type=\"widget\" data-widget_type=\"icon-list.default\">\n\t\t\t\t<div class=\"elementor-widget-container\">\n\t\t\t\t\t<ul class=\"elementor-icon-list-items elementor-inline-items\">\n\t\t\t\t\t\t\t<li class=\"elementor-icon-list-item elementor-inline-item\">\n\t\t\t\t\t\t\t\t\t\t\t<a href=\"https:\/\/naturtcm.ch\/en\/\">\n\n\t\t\t\t\t\t\t\t\t\t\t<span class=\"elementor-icon-list-text\">Home<\/span>\n\t\t\t\t\t\t\t\t\t\t\t<\/a>\n\t\t\t\t\t\t\t\t\t<\/li>\n\t\t\t\t\t\t\t\t<li class=\"elementor-icon-list-item elementor-inline-item\">\n\t\t\t\t\t\t\t\t\t\t\t<a href=\"https:\/\/naturtcm.ch\/en\/was-ist-tcm\/\">\n\n\t\t\t\t\t\t\t\t\t\t\t<span class=\"elementor-icon-list-text\">What is TCM?<\/span>\n\t\t\t\t\t\t\t\t\t\t\t<\/a>\n\t\t\t\t\t\t\t\t\t<\/li>\n\t\t\t\t\t\t<\/ul>\n\t\t\t\t<\/div>\n\t\t\t\t<\/div>\n\t\t\t\t\t<\/div>\n\t\t<\/div>\n\t\t\t\t\t<\/div>\n\t\t<\/section>\n\t\t\t\t<section class=\"elementor-section elementor-top-section elementor-element elementor-element-8425233 elementor-reverse-tablet elementor-reverse-mobile elementor-section-boxed elementor-section-height-default elementor-section-height-default\" data-id=\"8425233\" data-element_type=\"section\" data-settings=\"{&quot;background_background&quot;:&quot;classic&quot;,&quot;_ha_eqh_enable&quot;:false}\">\n\t\t\t\t\t\t<div class=\"elementor-container elementor-column-gap-default\">\n\t\t\t\t\t<div class=\"elementor-column elementor-col-50 elementor-top-column elementor-element elementor-element-4a5b31f\" data-id=\"4a5b31f\" data-element_type=\"column\" data-settings=\"{&quot;background_background&quot;:&quot;classic&quot;}\">\n\t\t\t<div class=\"elementor-widget-wrap elementor-element-populated\">\n\t\t\t\t\t\t<div class=\"elementor-element elementor-element-38fd11e elementor-widget elementor-widget-spacer\" data-id=\"38fd11e\" data-element_type=\"widget\" data-widget_type=\"spacer.default\">\n\t\t\t\t<div class=\"elementor-widget-container\">\n\t\t\t\t\t<div class=\"elementor-spacer\">\n\t\t\t<div class=\"elementor-spacer-inner\"><\/div>\n\t\t<\/div>\n\t\t\t\t<\/div>\n\t\t\t\t<\/div>\n\t\t\t\t\t<\/div>\n\t\t<\/div>\n\t\t\t\t<div class=\"elementor-column elementor-col-50 elementor-top-column elementor-element elementor-element-5736f44\" data-id=\"5736f44\" data-element_type=\"column\">\n\t\t\t<div class=\"elementor-widget-wrap elementor-element-populated\">\n\t\t\t\t\t\t<div class=\"elementor-element elementor-element-4447105 elementor-widget elementor-widget-heading\" data-id=\"4447105\" data-element_type=\"widget\" data-widget_type=\"heading.default\">\n\t\t\t\t<div class=\"elementor-widget-container\">\n\t\t\t<h2 class=\"elementor-heading-title elementor-size-default\">Traditional Chinese medicine<\/h2>\t\t<\/div>\n\t\t\t\t<\/div>\n\t\t\t\t<div class=\"elementor-element elementor-element-f2118dc elementor-widget elementor-widget-text-editor\" data-id=\"f2118dc\" data-element_type=\"widget\" data-widget_type=\"text-editor.default\">\n\t\t\t\t<div class=\"elementor-widget-container\">\n\t\t\t\t\t\t\t<p>Traditional Chinese medicine (TCM) is an old, popular naturopathy. In Chinese philosophy everything is determined by yin and yang, two complementary opposing forces. Health depends on a balance between yin and yang. If the harmony of the two is disturbed, it leads to illness. The interaction of yin and yang creates qi, which is life energy.<\/p><p>Qi flows on its pathways (meridians) and connects all functions of the body with each other. If the qi flow is disturbed, weakened or blocked by internal or external factors, you get sick. Pain or various functional disorders arise in the body. The energy blockage should be recognized early on before an illness develops and has already reached an advanced stage. The task of the TCM is to get the life energy flowing and to unblock the Qi. It helps in a gentle and holistic way.<\/p><p>TCM attaches great importance to prevention. With TCM the self-healing power is strengthened. A disease can be eliminated in its nascent stage and its progression can be prevented. Long Covid symptoms such as permanent fatigue, shortness of breath, depression, muscle pain, loss of taste , headache, cough, etc. can also be alleviated with TCM.\u00a0<\/p>\t\t\t\t\t\t<\/div>\n\t\t\t\t<\/div>\n\t\t\t\t<div class=\"elementor-element elementor-element-57abf5c elementor-widget elementor-widget-toggle\" data-id=\"57abf5c\" data-element_type=\"widget\" data-widget_type=\"toggle.default\">\n\t\t\t\t<div class=\"elementor-widget-container\">\n\t\t\t\t\t<div class=\"elementor-toggle\">\n\t\t\t\t\t\t\t<div class=\"elementor-toggle-item\">\n\t\t\t\t\t<div id=\"elementor-tab-title-9191\" class=\"elementor-tab-title\" data-tab=\"1\" role=\"button\" aria-controls=\"elementor-tab-content-9191\" aria-expanded=\"false\">\n\t\t\t\t\t\t\t\t\t\t\t\t<span class=\"elementor-toggle-icon elementor-toggle-icon-left\" aria-hidden=\"true\">\n\t\t\t\t\t\t\t\t\t\t\t\t\t\t\t<span class=\"elementor-toggle-icon-closed\"><i class=\"fas fa-caret-right\"><\/i><\/span>\n\t\t\t\t\t\t\t\t<span class=\"elementor-toggle-icon-opened\"><i class=\"elementor-toggle-icon-opened fas fa-caret-up\"><\/i><\/span>\n\t\t\t\t\t\t\t\t\t\t\t\t\t<\/span>\n\t\t\t\t\t\t\t\t\t\t\t\t<a class=\"elementor-toggle-title\" tabindex=\"0\">Areas of application of TCM<\/a>\n\t\t\t\t\t<\/div>\n\n\t\t\t\t\t<div id=\"elementor-tab-content-9191\" class=\"elementor-tab-content elementor-clearfix\" data-tab=\"1\" role=\"region\" aria-labelledby=\"elementor-tab-title-9191\"><p>The World Health Organization (WHO) recommends TCM as an effective form of therapy.<\/p><p>The following list lists diseases, disorders and indicators that experience has shown that therapy with TCM is particularly efficient. The list is not complete, many other diseases can be treated successfully.<\/p><\/div>\n\t\t\t\t<\/div>\n\t\t\t\t\t\t\t\t<\/div>\n\t\t\t\t<\/div>\n\t\t\t\t<\/div>\n\t\t\t\t<div class=\"elementor-element elementor-element-0990025 elementor-widget elementor-widget-toggle\" data-id=\"0990025\" data-element_type=\"widget\" data-widget_type=\"toggle.default\">\n\t\t\t\t<div class=\"elementor-widget-container\">\n\t\t\t\t\t<div class=\"elementor-toggle\">\n\t\t\t\t\t\t\t<div class=\"elementor-toggle-item\">\n\t\t\t\t\t<div id=\"elementor-tab-title-1001\" class=\"elementor-tab-title\" data-tab=\"1\" role=\"button\" aria-controls=\"elementor-tab-content-1001\" aria-expanded=\"false\">\n\t\t\t\t\t\t\t\t\t\t\t\t<span class=\"elementor-toggle-icon elementor-toggle-icon-left\" aria-hidden=\"true\">\n\t\t\t\t\t\t\t\t\t\t\t\t\t\t\t<span class=\"elementor-toggle-icon-closed\"><i class=\"fas fa-caret-right\"><\/i><\/span>\n\t\t\t\t\t\t\t\t<span class=\"elementor-toggle-icon-opened\"><i class=\"elementor-toggle-icon-opened fas fa-caret-up\"><\/i><\/span>\n\t\t\t\t\t\t\t\t\t\t\t\t\t<\/span>\n\t\t\t\t\t\t\t\t\t\t\t\t<a class=\"elementor-toggle-title\" tabindex=\"0\">I can help you with the following complaints:<\/a>\n\t\t\t\t\t<\/div>\n\n\t\t\t\t\t<div id=\"elementor-tab-content-1001\" class=\"elementor-tab-content elementor-clearfix\" data-tab=\"1\" role=\"region\" aria-labelledby=\"elementor-tab-title-1001\"><ul><li>Pain of all kinds<\/li><li>Chronic pain conditions (rheumatic diseases, arm, neck, shoulder pain, heels, hip, knee problems, tennis elbow)<\/li><li>Back problems (tension, herniated disc, lumbago, sciatica)<\/li><li>Headache, migraine, dizziness<\/li><li>Allergies (hay fever), bronchitis, asthma, colds, respiratory diseases<\/li><li>Sleep disturbance, nervousness, exhaustion, depression<\/li><li>Skin disorders (eczema, acne, shingles, psoriasis, varicose veins, anti-aging treatment)<\/li><li>Gastrointestinal complaints. Alcohol and smoking cessation. Overweight<\/li><li>Women complaints, desire to have children, prostate complaints, menopause<\/li><li>Blood pressure disorder, thyroid dysfunction, hair loss<\/li><li>Children's diseases (kidney disease, bedwetting, indigestion, loss of appetite, abdominal colic, hyperactivity disorder)<br \/>The above list of diseases is not exhaustive. But the diseases are common and their treatment by TCM leads to healing or at least alleviation of the symptoms.<\/li><\/ul><\/div>\n\t\t\t\t<\/div>\n\t\t\t\t\t\t\t\t<\/div>\n\t\t\t\t<\/div>\n\t\t\t\t<\/div>\n\t\t\t\t\t<\/div>\n\t\t<\/div>\n\t\t\t\t\t<\/div>\n\t\t<\/section>\n\t\t\t\t<\/div>","protected":false},"excerpt":{"rendered":"<p>Was ist TCM? Home Was ist TCM? Traditionelle Chinesische Medizin Unsere Praxis China Natur TCM bedient sich der Traditionellen chinesischen Medizin (TCM). TCM ist eine alte, volkst\u00fcmliche Naturheilkunde, die sich nach der chinesischen Philosophie richtet. Diese besagt, dass die Gesundheit von dem Gleichgewicht zweier sich erg\u00e4nzender gegens\u00e4tzlicher Kr\u00e4fte, n\u00e4mlich Yin und Yang, abh\u00e4ngt. Sobald die [&hellip;]<\/p>","protected":false},"author":3,"featured_media":33518,"parent":0,"menu_order":2,"comment_status":"closed","ping_status":"closed","template":"elementor_header_footer","meta":{"footnotes":""},"yoast_head":"<!-- This site is optimized with the Yoast SEO plugin v23.0 - https:\/\/yoast.com\/wordpress\/plugins\/seo\/ -->\n<title>Was ist TCM? - China Natur TCM<\/title>\n<meta name=\"description\" content=\"Unsere Praxis China Natur TCM bedient sich der Traditionellen chinesischen Medizin (TCM). TCM ist eine alte, volkst\u00fcmliche Naturheilkunde...\" \/>\n<meta name=\"robots\" content=\"index, follow, max-snippet:-1, max-image-preview:large, max-video-preview:-1\" \/>\n<link rel=\"canonical\" href=\"https:\/\/naturtcm.ch\/en\/was-ist-tcm\/\" \/>\n<meta property=\"og:locale\" content=\"en_GB\" \/>\n<meta property=\"og:type\" content=\"article\" \/>\n<meta property=\"og:title\" content=\"Was ist TCM? - China Natur TCM\" \/>\n<meta property=\"og:description\" content=\"Unsere Praxis China Natur TCM bedient sich der Traditionellen chinesischen Medizin (TCM). TCM ist eine alte, volkst\u00fcmliche Naturheilkunde...\" \/>\n<meta property=\"og:url\" content=\"https:\/\/naturtcm.ch\/en\/was-ist-tcm\/\" \/>\n<meta property=\"og:site_name\" content=\"China Natur TCM\" \/>\n<meta property=\"article:modified_time\" content=\"2022-12-20T13:09:17+00:00\" \/>\n<meta property=\"og:image\" content=\"https:\/\/naturtcm.ch\/wp-content\/uploads\/2022\/08\/Logo_China_Natur_TCM_1024x1024.png\" \/>\n\t<meta property=\"og:image:width\" content=\"1024\" \/>\n\t<meta property=\"og:image:height\" content=\"1024\" \/>\n\t<meta property=\"og:image:type\" content=\"image\/png\" \/>\n<meta name=\"twitter:card\" content=\"summary_large_image\" \/>\n<meta name=\"twitter:label1\" content=\"Estimated reading time\" \/>\n\t<meta name=\"twitter:data1\" content=\"2 minutes\" \/>\n<script type=\"application\/ld+json\" class=\"yoast-schema-graph\">{\"@context\":\"https:\/\/schema.org\",\"@graph\":[{\"@type\":\"WebPage\",\"@id\":\"https:\/\/naturtcm.ch\/was-ist-tcm\/\",\"url\":\"https:\/\/naturtcm.ch\/was-ist-tcm\/\",\"name\":\"Was ist TCM? - China Natur TCM\",\"isPartOf\":{\"@id\":\"https:\/\/naturtcm.ch\/#website\"},\"primaryImageOfPage\":{\"@id\":\"https:\/\/naturtcm.ch\/was-ist-tcm\/#primaryimage\"},\"image\":{\"@id\":\"https:\/\/naturtcm.ch\/was-ist-tcm\/#primaryimage\"},\"thumbnailUrl\":\"https:\/\/naturtcm.ch\/wp-content\/uploads\/2022\/08\/Logo_China_Natur_TCM_1024x1024.png\",\"datePublished\":\"2022-06-13T06:03:00+00:00\",\"dateModified\":\"2022-12-20T13:09:17+00:00\",\"description\":\"Unsere Praxis China Natur TCM bedient sich der Traditionellen chinesischen Medizin (TCM). TCM ist eine alte, volkst\u00fcmliche Naturheilkunde...\",\"breadcrumb\":{\"@id\":\"https:\/\/naturtcm.ch\/was-ist-tcm\/#breadcrumb\"},\"inLanguage\":\"en-GB\",\"potentialAction\":[{\"@type\":\"ReadAction\",\"target\":[\"https:\/\/naturtcm.ch\/was-ist-tcm\/\"]}]},{\"@type\":\"ImageObject\",\"inLanguage\":\"en-GB\",\"@id\":\"https:\/\/naturtcm.ch\/was-ist-tcm\/#primaryimage\",\"url\":\"https:\/\/naturtcm.ch\/wp-content\/uploads\/2022\/08\/Logo_China_Natur_TCM_1024x1024.png\",\"contentUrl\":\"https:\/\/naturtcm.ch\/wp-content\/uploads\/2022\/08\/Logo_China_Natur_TCM_1024x1024.png\",\"width\":1024,\"height\":1024},{\"@type\":\"BreadcrumbList\",\"@id\":\"https:\/\/naturtcm.ch\/was-ist-tcm\/#breadcrumb\",\"itemListElement\":[{\"@type\":\"ListItem\",\"position\":1,\"name\":\"Home\",\"item\":\"https:\/\/naturtcm.ch\/\"},{\"@type\":\"ListItem\",\"position\":2,\"name\":\"Was ist TCM?\"}]},{\"@type\":\"WebSite\",\"@id\":\"https:\/\/naturtcm.ch\/#website\",\"url\":\"https:\/\/naturtcm.ch\/\",\"name\":\"China Natur TCM\",\"description\":\"Home\",\"inLanguage\":\"en-GB\"}]}<\/script>\n<!-- \/ Yoast SEO plugin. -->","yoast_head_json":{"title":"Was ist TCM? - China Natur TCM","description":"Unsere Praxis China Natur TCM bedient sich der Traditionellen chinesischen Medizin (TCM). TCM ist eine alte, volkst\u00fcmliche Naturheilkunde...","robots":{"index":"index","follow":"follow","max-snippet":"max-snippet:-1","max-image-preview":"max-image-preview:large","max-video-preview":"max-video-preview:-1"},"canonical":"https:\/\/naturtcm.ch\/en\/was-ist-tcm\/","og_locale":"en_GB","og_type":"article","og_title":"Was ist TCM? - China Natur TCM","og_description":"Unsere Praxis China Natur TCM bedient sich der Traditionellen chinesischen Medizin (TCM). TCM ist eine alte, volkst\u00fcmliche Naturheilkunde...","og_url":"https:\/\/naturtcm.ch\/en\/was-ist-tcm\/","og_site_name":"China Natur TCM","article_modified_time":"2022-12-20T13:09:17+00:00","og_image":[{"width":1024,"height":1024,"url":"https:\/\/naturtcm.ch\/wp-content\/uploads\/2022\/08\/Logo_China_Natur_TCM_1024x1024.png","type":"image\/png"}],"twitter_card":"summary_large_image","twitter_misc":{"Estimated reading time":"2 minutes"},"schema":{"@context":"https:\/\/schema.org","@graph":[{"@type":"WebPage","@id":"https:\/\/naturtcm.ch\/was-ist-tcm\/","url":"https:\/\/naturtcm.ch\/was-ist-tcm\/","name":"Was ist TCM? - China Natur TCM","isPartOf":{"@id":"https:\/\/naturtcm.ch\/#website"},"primaryImageOfPage":{"@id":"https:\/\/naturtcm.ch\/was-ist-tcm\/#primaryimage"},"image":{"@id":"https:\/\/naturtcm.ch\/was-ist-tcm\/#primaryimage"},"thumbnailUrl":"https:\/\/naturtcm.ch\/wp-content\/uploads\/2022\/08\/Logo_China_Natur_TCM_1024x1024.png","datePublished":"2022-06-13T06:03:00+00:00","dateModified":"2022-12-20T13:09:17+00:00","description":"Unsere Praxis China Natur TCM bedient sich der Traditionellen chinesischen Medizin (TCM). TCM ist eine alte, volkst\u00fcmliche Naturheilkunde...","breadcrumb":{"@id":"https:\/\/naturtcm.ch\/was-ist-tcm\/#breadcrumb"},"inLanguage":"en-GB","potentialAction":[{"@type":"ReadAction","target":["https:\/\/naturtcm.ch\/was-ist-tcm\/"]}]},{"@type":"ImageObject","inLanguage":"en-GB","@id":"https:\/\/naturtcm.ch\/was-ist-tcm\/#primaryimage","url":"https:\/\/naturtcm.ch\/wp-content\/uploads\/2022\/08\/Logo_China_Natur_TCM_1024x1024.png","contentUrl":"https:\/\/naturtcm.ch\/wp-content\/uploads\/2022\/08\/Logo_China_Natur_TCM_1024x1024.png","width":1024,"height":1024},{"@type":"BreadcrumbList","@id":"https:\/\/naturtcm.ch\/was-ist-tcm\/#breadcrumb","itemListElement":[{"@type":"ListItem","position":1,"name":"Home","item":"https:\/\/naturtcm.ch\/"},{"@type":"ListItem","position":2,"name":"Was ist TCM?"}]},{"@type":"WebSite","@id":"https:\/\/naturtcm.ch\/#website","url":"https:\/\/naturtcm.ch\/","name":"China Natur TCM","description":"Home","inLanguage":"en-GB"}]}},"_links":{"self":[{"href":"https:\/\/naturtcm.ch\/en\/wp-json\/wp\/v2\/pages\/28983"}],"collection":[{"href":"https:\/\/naturtcm.ch\/en\/wp-json\/wp\/v2\/pages"}],"about":[{"href":"https:\/\/naturtcm.ch\/en\/wp-json\/wp\/v2\/types\/page"}],"author":[{"embeddable":true,"href":"https:\/\/naturtcm.ch\/en\/wp-json\/wp\/v2\/users\/3"}],"replies":[{"embeddable":true,"href":"https:\/\/naturtcm.ch\/en\/wp-json\/wp\/v2\/comments?post=28983"}],"version-history":[{"count":399,"href":"https:\/\/naturtcm.ch\/en\/wp-json\/wp\/v2\/pages\/28983\/revisions"}],"predecessor-version":[{"id":35066,"href":"https:\/\/naturtcm.ch\/en\/wp-json\/wp\/v2\/pages\/28983\/revisions\/35066"}],"wp:featuredmedia":[{"embeddable":true,"href":"https:\/\/naturtcm.ch\/en\/wp-json\/wp\/v2\/media\/33518"}],"wp:attachment":[{"href":"https:\/\/naturtcm.ch\/en\/wp-json\/wp\/v2\/media?parent=28983"}],"curies":[{"name":"wp","href":"https:\/\/api.w.org\/{rel}","templated":true}]}}