{"id":35674,"date":"2025-04-09T15:53:38","date_gmt":"2025-04-09T13:53:38","guid":{"rendered":"https:\/\/naturtcm.ch\/?page_id=35674"},"modified":"2025-04-10T14:29:42","modified_gmt":"2025-04-10T12:29:42","slug":"fachaerztliche-schoenheitsmedizin-regenerative-medizin","status":"publish","type":"page","link":"https:\/\/naturtcm.ch\/en\/fachaerztliche-schoenheitsmedizin-regenerative-medizin\/","title":{"rendered":"Fach\u00e4rztliche Sch\u00f6nheitsmedizin &amp; Regenerative Medizin"},"content":{"rendered":"<div data-elementor-type=\"wp-page\" data-elementor-id=\"35674\" class=\"elementor elementor-35674\" data-elementor-post-type=\"page\">\n\t\t\t\t\t\t<section class=\"elementor-section elementor-top-section elementor-element elementor-element-6c5ad39 elementor-section-height-min-height elementor-section-boxed elementor-section-height-default elementor-section-items-middle\" data-id=\"6c5ad39\" data-element_type=\"section\" data-settings=\"{&quot;background_background&quot;:&quot;classic&quot;,&quot;_ha_eqh_enable&quot;:false}\">\n\t\t\t\t\t\t\t<div class=\"elementor-background-overlay\"><\/div>\n\t\t\t\t\t\t\t<div class=\"elementor-container elementor-column-gap-default\">\n\t\t\t\t\t<div class=\"elementor-column elementor-col-100 elementor-top-column elementor-element elementor-element-a3f072d\" data-id=\"a3f072d\" data-element_type=\"column\">\n\t\t\t<div class=\"elementor-widget-wrap elementor-element-populated\">\n\t\t\t\t\t\t<div class=\"elementor-element elementor-element-926b46b elementor-widget elementor-widget-heading\" data-id=\"926b46b\" data-element_type=\"widget\" data-widget_type=\"heading.default\">\n\t\t\t\t<div class=\"elementor-widget-container\">\n\t\t\t<h2 class=\"elementor-heading-title elementor-size-default\">Fach\u00e4rztliche Sch\u00f6nheitsmedizin & Regenerative Medizin <\/h2>\t\t<\/div>\n\t\t\t\t<\/div>\n\t\t\t\t\t<\/div>\n\t\t<\/div>\n\t\t\t\t\t<\/div>\n\t\t<\/section>\n\t\t\t\t<section class=\"elementor-section elementor-top-section elementor-element elementor-element-01dbc2c elementor-section-boxed elementor-section-height-default elementor-section-height-default\" data-id=\"01dbc2c\" data-element_type=\"section\" data-settings=\"{&quot;background_background&quot;:&quot;classic&quot;,&quot;_ha_eqh_enable&quot;:false}\">\n\t\t\t\t\t\t<div class=\"elementor-container elementor-column-gap-default\">\n\t\t\t\t\t<div class=\"elementor-column elementor-col-100 elementor-top-column elementor-element elementor-element-ff41348\" data-id=\"ff41348\" data-element_type=\"column\">\n\t\t\t<div class=\"elementor-widget-wrap elementor-element-populated\">\n\t\t\t\t\t\t<div class=\"elementor-element elementor-element-9a24c8c elementor-widget elementor-widget-heading\" data-id=\"9a24c8c\" data-element_type=\"widget\" data-widget_type=\"heading.default\">\n\t\t\t\t<div class=\"elementor-widget-container\">\n\t\t\t<h2 class=\"elementor-heading-title elementor-size-default\">Fach\u00e4rztliche Sch\u00f6nheitsmedizin & Regenerative Medizin <\/h2>\t\t<\/div>\n\t\t\t\t<\/div>\n\t\t\t\t<div class=\"elementor-element elementor-element-dfea2b7 elementor-widget elementor-widget-text-editor\" data-id=\"dfea2b7\" data-element_type=\"widget\" data-widget_type=\"text-editor.default\">\n\t\t\t\t<div class=\"elementor-widget-container\">\n\t\t\t\t\t\t\t<p>Sehr geehrte Patientinnen und Patienten, in unserer Praxis vereinen wir deutsche medizinische Pr\u00e4zision mit bew\u00e4hrten Therapieans\u00e4tzen der traditionellen chinesischen Medizin. Unter der Leitung von <strong>Dr. med. Witt Wang Li<\/strong> (Facharzt mit deutscher Approbation und Akupunktur-Spezialisierung) bieten wir Ihnen individuelle Behandlungskonzepte auf h\u00f6chstem Niveau:<\/p><p><strong>\u25c8 Unser Leistungsspektrum <\/strong><strong>\u25c8\u00a0<\/strong><\/p>\t\t\t\t\t\t<\/div>\n\t\t\t\t<\/div>\n\t\t\t\t<div class=\"elementor-element elementor-element-f733bb6 elementor-widget elementor-widget-text-editor\" data-id=\"f733bb6\" data-element_type=\"widget\" data-widget_type=\"text-editor.default\">\n\t\t\t\t<div class=\"elementor-widget-container\">\n\t\t\t\t\t\t\t<p><strong><span lang=\"DE-CH\">\u2022 <\/span>\u00c4sthetische Dermatologie:\u00a0<br \/><\/strong><\/p><ul><li>Botulinumtoxin-Behandlungen f\u00fcr nat\u00fcrliche Mimik<\/li><li>Hyalurons\u00e4ure-Filler f\u00fcr harmonische Konturen<\/li><li>Fadenlifting (Gesicht, Augenbrauen, Hals)<\/li><li>Nasen- und Kinnkorrekturen\u00a0<\/li><\/ul>\t\t\t\t\t\t<\/div>\n\t\t\t\t<\/div>\n\t\t\t\t<div class=\"elementor-element elementor-element-54f4fcf elementor-widget elementor-widget-text-editor\" data-id=\"54f4fcf\" data-element_type=\"widget\" data-widget_type=\"text-editor.default\">\n\t\t\t\t<div class=\"elementor-widget-container\">\n\t\t\t\t\t\t\t<p><span lang=\"DE-CH\">\u2022 <strong>Augenchirurgie:<\/strong><\/span><\/p><ul><li>Individuell angepasste Lidstraffungen<\/li><li>Minimalinvasive Tr\u00e4nens\u00e4cken Entfernung<\/li><li>Facelifting in Miniaturtechnik<\/li><\/ul>\t\t\t\t\t\t<\/div>\n\t\t\t\t<\/div>\n\t\t\t\t<div class=\"elementor-element elementor-element-b43832c elementor-widget elementor-widget-text-editor\" data-id=\"b43832c\" data-element_type=\"widget\" data-widget_type=\"text-editor.default\">\n\t\t\t\t<div class=\"elementor-widget-container\">\n\t\t\t\t\t\t\t<p><span lang=\"DE-CH\">\u2022 <strong>Spezialtherapien:<\/strong><\/span><\/p><ul><li>Innovative Behandlung allergischer Rhinitis<\/li><li>Nachhaltige Akne-Therapiekonzepte<\/li><li>Moderne Gichtbehandlung<\/li><\/ul>\t\t\t\t\t\t<\/div>\n\t\t\t\t<\/div>\n\t\t\t\t<div class=\"elementor-element elementor-element-75d234f elementor-widget elementor-widget-text-editor\" data-id=\"75d234f\" data-element_type=\"widget\" data-widget_type=\"text-editor.default\">\n\t\t\t\t<div class=\"elementor-widget-container\">\n\t\t\t\t\t\t\t<p><span lang=\"DE-CH\">\u2022 <strong>Regenerative Medizin:<\/strong><\/span><\/p><ul><li>Eigenblut-Stammzelltherapie<\/li><li>Knorpelregenerationsverfahren<\/li><li>Wissenschaftlich fundierte Anti-Aging-Methoden<\/li><\/ul>\t\t\t\t\t\t<\/div>\n\t\t\t\t<\/div>\n\t\t\t\t<div class=\"elementor-element elementor-element-4c7593d elementor-widget elementor-widget-text-editor\" data-id=\"4c7593d\" data-element_type=\"widget\" data-widget_type=\"text-editor.default\">\n\t\t\t\t<div class=\"elementor-widget-container\">\n\t\t\t\t\t\t\t<p><strong>\u25c8 Unsere Prinzipien <\/strong><strong>\u25c8<\/strong><\/p><p>\u2713 Pers\u00f6nliche und diskrete Betreuung<br \/>\u2713 Wissenschaftlich fundierte Verfahren<br \/>\u2713 Transparente Aufkl\u00e4rung \u00fcber Wirkungen und Risiken<\/p><p>Vereinbaren Sie Ihren pers\u00f6nlichen Beratungstermin:<br \/>\u260e 076 379 23 88 Dagmersellen und Sch\u00f6tz \/\u00a0 078 237 02 89 Luzern<\/p><p>Preis auf Anfrage.<\/p><p><em>Alle Behandlungen werden ausschlie\u00dflich durch unser deutsch-chinesisches \u00c4rzteteam durchgef\u00fchrt. Ergebnisse k\u00f6nnen individuell variieren.<\/em><\/p>\t\t\t\t\t\t<\/div>\n\t\t\t\t<\/div>\n\t\t\t\t\t<\/div>\n\t\t<\/div>\n\t\t\t\t\t<\/div>\n\t\t<\/section>\n\t\t\t\t<\/div>","protected":false},"excerpt":{"rendered":"<p>Fach\u00e4rztliche Sch\u00f6nheitsmedizin &#038; Regenerative Medizin Fach\u00e4rztliche Sch\u00f6nheitsmedizin &#038; Regenerative Medizin Sehr geehrte Patientinnen und Patienten, in unserer Praxis vereinen wir deutsche medizinische Pr\u00e4zision mit bew\u00e4hrten Therapieans\u00e4tzen der traditionellen chinesischen Medizin. Unter der Leitung von Dr. med. Witt Wang Li (Facharzt mit deutscher Approbation und Akupunktur-Spezialisierung) bieten wir Ihnen individuelle Behandlungskonzepte auf h\u00f6chstem Niveau: \u25c8 Unser [&hellip;]<\/p>","protected":false},"author":3,"featured_media":0,"parent":0,"menu_order":0,"comment_status":"closed","ping_status":"closed","template":"elementor_header_footer","meta":{"footnotes":""},"yoast_head":"<!-- This site is optimized with the Yoast SEO plugin v23.0 - https:\/\/yoast.com\/wordpress\/plugins\/seo\/ -->\n<title>Fach\u00e4rztliche Sch\u00f6nheitsmedizin &amp; Regenerative Medizin - China Natur TCM<\/title>\n<meta name=\"robots\" content=\"index, follow, max-snippet:-1, max-image-preview:large, max-video-preview:-1\" \/>\n<link rel=\"canonical\" href=\"https:\/\/naturtcm.ch\/en\/fachaerztliche-schoenheitsmedizin-regenerative-medizin\/\" \/>\n<meta property=\"og:locale\" content=\"en_GB\" \/>\n<meta property=\"og:type\" content=\"article\" \/>\n<meta property=\"og:title\" content=\"Fach\u00e4rztliche Sch\u00f6nheitsmedizin &amp; Regenerative Medizin - China Natur TCM\" \/>\n<meta property=\"og:description\" content=\"Fach\u00e4rztliche Sch\u00f6nheitsmedizin &#038; Regenerative Medizin Fach\u00e4rztliche Sch\u00f6nheitsmedizin &#038; Regenerative Medizin Sehr geehrte Patientinnen und Patienten, in unserer Praxis vereinen wir deutsche medizinische Pr\u00e4zision mit bew\u00e4hrten Therapieans\u00e4tzen der traditionellen chinesischen Medizin. Unter der Leitung von Dr. med. Witt Wang Li (Facharzt mit deutscher Approbation und Akupunktur-Spezialisierung) bieten wir Ihnen individuelle Behandlungskonzepte auf h\u00f6chstem Niveau: \u25c8 Unser [&hellip;]\" \/>\n<meta property=\"og:url\" content=\"https:\/\/naturtcm.ch\/en\/fachaerztliche-schoenheitsmedizin-regenerative-medizin\/\" \/>\n<meta property=\"og:site_name\" content=\"China Natur TCM\" \/>\n<meta property=\"article:modified_time\" content=\"2025-04-10T12:29:42+00:00\" \/>\n<meta name=\"twitter:card\" content=\"summary_large_image\" \/>\n<meta name=\"twitter:label1\" content=\"Estimated reading time\" \/>\n\t<meta name=\"twitter:data1\" content=\"1 minute\" \/>\n<script type=\"application\/ld+json\" class=\"yoast-schema-graph\">{\"@context\":\"https:\/\/schema.org\",\"@graph\":[{\"@type\":\"WebPage\",\"@id\":\"https:\/\/naturtcm.ch\/fachaerztliche-schoenheitsmedizin-regenerative-medizin\/\",\"url\":\"https:\/\/naturtcm.ch\/fachaerztliche-schoenheitsmedizin-regenerative-medizin\/\",\"name\":\"Fach\u00e4rztliche Sch\u00f6nheitsmedizin &amp; Regenerative Medizin - China Natur TCM\",\"isPartOf\":{\"@id\":\"https:\/\/naturtcm.ch\/#website\"},\"datePublished\":\"2025-04-09T13:53:38+00:00\",\"dateModified\":\"2025-04-10T12:29:42+00:00\",\"breadcrumb\":{\"@id\":\"https:\/\/naturtcm.ch\/fachaerztliche-schoenheitsmedizin-regenerative-medizin\/#breadcrumb\"},\"inLanguage\":\"en-GB\",\"potentialAction\":[{\"@type\":\"ReadAction\",\"target\":[\"https:\/\/naturtcm.ch\/fachaerztliche-schoenheitsmedizin-regenerative-medizin\/\"]}]},{\"@type\":\"BreadcrumbList\",\"@id\":\"https:\/\/naturtcm.ch\/fachaerztliche-schoenheitsmedizin-regenerative-medizin\/#breadcrumb\",\"itemListElement\":[{\"@type\":\"ListItem\",\"position\":1,\"name\":\"Home\",\"item\":\"https:\/\/naturtcm.ch\/\"},{\"@type\":\"ListItem\",\"position\":2,\"name\":\"Fach\u00e4rztliche Sch\u00f6nheitsmedizin &amp; Regenerative Medizin\"}]},{\"@type\":\"WebSite\",\"@id\":\"https:\/\/naturtcm.ch\/#website\",\"url\":\"https:\/\/naturtcm.ch\/\",\"name\":\"China Natur TCM\",\"description\":\"Home\",\"inLanguage\":\"en-GB\"}]}<\/script>\n<!-- \/ Yoast SEO plugin. -->","yoast_head_json":{"title":"Fach\u00e4rztliche Sch\u00f6nheitsmedizin &amp; Regenerative Medizin - China Natur TCM","robots":{"index":"index","follow":"follow","max-snippet":"max-snippet:-1","max-image-preview":"max-image-preview:large","max-video-preview":"max-video-preview:-1"},"canonical":"https:\/\/naturtcm.ch\/en\/fachaerztliche-schoenheitsmedizin-regenerative-medizin\/","og_locale":"en_GB","og_type":"article","og_title":"Fach\u00e4rztliche Sch\u00f6nheitsmedizin &amp; Regenerative Medizin - China Natur TCM","og_description":"Fach\u00e4rztliche Sch\u00f6nheitsmedizin &#038; Regenerative Medizin Fach\u00e4rztliche Sch\u00f6nheitsmedizin &#038; Regenerative Medizin Sehr geehrte Patientinnen und Patienten, in unserer Praxis vereinen wir deutsche medizinische Pr\u00e4zision mit bew\u00e4hrten Therapieans\u00e4tzen der traditionellen chinesischen Medizin. Unter der Leitung von Dr. med. Witt Wang Li (Facharzt mit deutscher Approbation und Akupunktur-Spezialisierung) bieten wir Ihnen individuelle Behandlungskonzepte auf h\u00f6chstem Niveau: \u25c8 Unser [&hellip;]","og_url":"https:\/\/naturtcm.ch\/en\/fachaerztliche-schoenheitsmedizin-regenerative-medizin\/","og_site_name":"China Natur TCM","article_modified_time":"2025-04-10T12:29:42+00:00","twitter_card":"summary_large_image","twitter_misc":{"Estimated reading time":"1 minute"},"schema":{"@context":"https:\/\/schema.org","@graph":[{"@type":"WebPage","@id":"https:\/\/naturtcm.ch\/fachaerztliche-schoenheitsmedizin-regenerative-medizin\/","url":"https:\/\/naturtcm.ch\/fachaerztliche-schoenheitsmedizin-regenerative-medizin\/","name":"Fach\u00e4rztliche Sch\u00f6nheitsmedizin &amp; Regenerative Medizin - China Natur TCM","isPartOf":{"@id":"https:\/\/naturtcm.ch\/#website"},"datePublished":"2025-04-09T13:53:38+00:00","dateModified":"2025-04-10T12:29:42+00:00","breadcrumb":{"@id":"https:\/\/naturtcm.ch\/fachaerztliche-schoenheitsmedizin-regenerative-medizin\/#breadcrumb"},"inLanguage":"en-GB","potentialAction":[{"@type":"ReadAction","target":["https:\/\/naturtcm.ch\/fachaerztliche-schoenheitsmedizin-regenerative-medizin\/"]}]},{"@type":"BreadcrumbList","@id":"https:\/\/naturtcm.ch\/fachaerztliche-schoenheitsmedizin-regenerative-medizin\/#breadcrumb","itemListElement":[{"@type":"ListItem","position":1,"name":"Home","item":"https:\/\/naturtcm.ch\/"},{"@type":"ListItem","position":2,"name":"Fach\u00e4rztliche Sch\u00f6nheitsmedizin &amp; Regenerative Medizin"}]},{"@type":"WebSite","@id":"https:\/\/naturtcm.ch\/#website","url":"https:\/\/naturtcm.ch\/","name":"China Natur TCM","description":"Home","inLanguage":"en-GB"}]}},"_links":{"self":[{"href":"https:\/\/naturtcm.ch\/en\/wp-json\/wp\/v2\/pages\/35674"}],"collection":[{"href":"https:\/\/naturtcm.ch\/en\/wp-json\/wp\/v2\/pages"}],"about":[{"href":"https:\/\/naturtcm.ch\/en\/wp-json\/wp\/v2\/types\/page"}],"author":[{"embeddable":true,"href":"https:\/\/naturtcm.ch\/en\/wp-json\/wp\/v2\/users\/3"}],"replies":[{"embeddable":true,"href":"https:\/\/naturtcm.ch\/en\/wp-json\/wp\/v2\/comments?post=35674"}],"version-history":[{"count":28,"href":"https:\/\/naturtcm.ch\/en\/wp-json\/wp\/v2\/pages\/35674\/revisions"}],"predecessor-version":[{"id":35705,"href":"https:\/\/naturtcm.ch\/en\/wp-json\/wp\/v2\/pages\/35674\/revisions\/35705"}],"wp:attachment":[{"href":"https:\/\/naturtcm.ch\/en\/wp-json\/wp\/v2\/media?parent=35674"}],"curies":[{"name":"wp","href":"https:\/\/api.w.org\/{rel}","templated":true}]}}